{"id":3469,"date":"2021-07-14T18:05:48","date_gmt":"2021-07-14T23:05:48","guid":{"rendered":"https:\/\/imcardbusiness.com\/thedreamsbox\/?post_type=product&#038;p=3469"},"modified":"2021-08-29T15:06:10","modified_gmt":"2021-08-29T20:06:10","slug":"buzos-para-ellas-7","status":"publish","type":"product","link":"https:\/\/imcardbusiness.com\/thedreamsbox\/tienda\/buzos-mujer-hombre\/buzos-ellas\/buzos-para-ellas-7\/","title":{"rendered":"BUZOS PARA ELLAS"},"content":{"rendered":"<ul>\n<li>Cada uno de nuestros buzos est\u00e1 elaborado 100% en algod\u00f3n perchado , de alta calidad y suave al tacto<\/li>\n<li>Al no ser elaborado en spandex, permite que se adapte al cuerpo sin perder su forma o color con el uso o las lavadas.<\/li>\n<li>La t\u00e9cnica utilizada para el estampado es vinil textil, por lo cual no se desti\u00f1e el dise\u00f1o y se obtienen unos acabados brillantes.<\/li>\n<li>Nuestras prendas son personalizadas a partir del momento en que haces tu pedido.<\/li>\n<li>Una vez realices tu pedido contar\u00e1s con asistencia de env\u00edo y podr\u00e1s hacer seguimiento al mismo.<\/li>\n<li>El tiempo de env\u00edo varia seg\u00fan la zona de localizaci\u00f3n.<\/li>\n<\/ul>\n<h5><strong>TE INFORMAREMOS EL ESTADO DE TU PEDIDO POR WHATSAPP O CORREO ELECTR\u00d3NICO!<\/strong><\/h5>\n<ul>\n<li><strong><u>Envi\u00f3\u00a0 Bogot\u00e1 GRATIS: <\/u><\/strong>Tiempo estimado de entrega: 3 a 5 d\u00edas h\u00e1biles despu\u00e9s del pago, tiempo de entrega depender\u00e1 del estado de la v\u00eda.<\/li>\n<li><strong><u>Envi\u00f3\u00a0 Nacional: <\/u><\/strong>Tiempo estimado de entrega: 3 a 7 d\u00edas h\u00e1biles despu\u00e9s del pago, tiempo de entrega depender\u00e1 del estado de la v\u00eda.<\/li>\n<li><strong><u>Env\u00edo Express Nacional: Costo $17.900 <\/u><\/strong>Tiempo estimado de entrega: 1 a 3 d\u00edas h\u00e1biles despu\u00e9s del pago.<\/li>\n<li><strong><u>Env\u00edo Express Bogot\u00e1 o pago contraentrega: Costo $17.900: \u00a0<\/u><\/strong>Tiempo estimado de entrega: 1 a 2 d\u00edas h\u00e1biles despu\u00e9s del pago. Para fechas especiales tambi\u00e9n se utiliza este servicio donde el cliente escoge el d\u00eda que desea recibir el env\u00edo, el pedido deber\u00e1 hacerse con m\u00ednimo 1 d\u00eda de anticipaci\u00f3n. Aplica para fines de semana y feriados. La mayor\u00eda de nuestros despachos los hacemos por interrapidisimo, los pagos contra-entrega son con mensajeros privados empleados de The Dreams Box.<\/li>\n<\/ul>\n<p>El tiempo de env\u00edo var\u00eda seg\u00fan la ubicaci\u00f3n. Estas son nuestras estimaciones:<\/p>\n<table style=\"height: 306px;\" width=\"542\">\n<tbody>\n<tr>\n<td width=\"115\"><strong>\u00a0UBICACI\u00d3N<\/strong><\/td>\n<td width=\"165\"><strong>\u00a0*TIEMPO DE ENV\u00cdO ESTIMADO<\/strong><\/td>\n<\/tr>\n<tr>\n<td width=\"115\">\u00a0Bogot\u00e1<\/td>\n<td width=\"165\">\u00a03 \u2013 4 D\u00edas H\u00e1biles<\/td>\n<\/tr>\n<tr>\n<td width=\"115\">\u00a0Medell\u00edn<\/td>\n<td width=\"165\">\u00a03 \u2013 7 D\u00edas H\u00e1biles<\/td>\n<\/tr>\n<tr>\n<td width=\"115\">\u00a0Barranquilla<\/td>\n<td width=\"165\">\u00a03 \u2013 7 D\u00edas H\u00e1biles<\/td>\n<\/tr>\n<tr>\n<td width=\"115\">\u00a0Cali<\/td>\n<td width=\"165\">\u00a03 \u2013 10 D\u00edas H\u00e1biles<\/td>\n<\/tr>\n<tr>\n<td width=\"115\">\u00a0Otras ciudades<\/td>\n<td width=\"165\">\u00a05 \u2013 10 D\u00edas H\u00e1biles<\/td>\n<\/tr>\n<\/tbody>\n<\/table>\n<p>&nbsp;<\/p>\n","protected":false},"excerpt":{"rendered":"<h4>REFBM008<\/h4>\n","protected":false},"featured_media":191,"comment_status":"open","ping_status":"closed","template":"","meta":{"_et_pb_use_builder":"","_et_pb_old_content":"","_et_gb_content_width":"","_joinchat":[]},"product_brand":[],"product_cat":[65,46],"product_tag":[52,56,54,53],"class_list":{"0":"post-3469","1":"product","2":"type-product","3":"status-publish","4":"has-post-thumbnail","6":"product_cat-buzos-mujer-hombre","7":"product_cat-buzos-ellas","8":"product_tag-buzos","9":"product_tag-buzos-para-ellas","10":"product_tag-buzos-para-mujer","11":"product_tag-ropa-deportiva","13":"first","14":"instock","15":"shipping-taxable","16":"purchasable","17":"product-type-variable"},"yoast_head":"<!-- This site is optimized with the Yoast SEO plugin v27.4 - https:\/\/yoast.com\/product\/yoast-seo-wordpress\/ -->\n<title>BUZOS PARA ELLAS - The Dreams Box<\/title>\n<meta name=\"description\" content=\"The Dreams Box 100% colombiana, dedicada a personalizar productos buzos para ellas y regalando lo mejor de ti.\" \/>\n<meta name=\"robots\" content=\"index, follow, max-snippet:-1, max-image-preview:large, max-video-preview:-1\" \/>\n<link rel=\"canonical\" href=\"https:\/\/imcardbusiness.com\/thedreamsbox\/tienda\/buzos-mujer-hombre\/buzos-ellas\/buzos-para-ellas-7\/\" \/>\n<meta property=\"og:locale\" content=\"es_ES\" \/>\n<meta property=\"og:type\" content=\"article\" \/>\n<meta property=\"og:title\" content=\"BUZOS PARA ELLAS - The Dreams Box\" \/>\n<meta property=\"og:description\" content=\"The Dreams Box 100% colombiana, dedicada a personalizar productos buzos para ellas y regalando lo mejor de ti.\" \/>\n<meta property=\"og:url\" content=\"https:\/\/imcardbusiness.com\/thedreamsbox\/tienda\/buzos-mujer-hombre\/buzos-ellas\/buzos-para-ellas-7\/\" \/>\n<meta property=\"og:site_name\" content=\"The Dreams Box\" \/>\n<meta property=\"article:publisher\" content=\"https:\/\/www.facebook.com\/thedreamsboxonline\/\" \/>\n<meta property=\"article:modified_time\" content=\"2021-08-29T20:06:10+00:00\" \/>\n<meta property=\"og:image\" content=\"https:\/\/imcardbusiness.com\/thedreamsbox\/wp-content\/uploads\/REFBM008.jpg\" \/>\n\t<meta property=\"og:image:width\" content=\"567\" \/>\n\t<meta property=\"og:image:height\" content=\"849\" \/>\n\t<meta property=\"og:image:type\" content=\"image\/jpeg\" \/>\n<meta name=\"twitter:card\" content=\"summary_large_image\" \/>\n<meta name=\"twitter:label1\" content=\"Tiempo de lectura\" \/>\n\t<meta name=\"twitter:data1\" content=\"2 minutos\" \/>\n<script type=\"application\/ld+json\" class=\"yoast-schema-graph\">{\"@context\":\"https:\\\/\\\/schema.org\",\"@graph\":[{\"@type\":\"WebPage\",\"@id\":\"https:\\\/\\\/imcardbusiness.com\\\/thedreamsbox\\\/tienda\\\/buzos-mujer-hombre\\\/buzos-ellas\\\/buzos-para-ellas-7\\\/\",\"url\":\"https:\\\/\\\/imcardbusiness.com\\\/thedreamsbox\\\/tienda\\\/buzos-mujer-hombre\\\/buzos-ellas\\\/buzos-para-ellas-7\\\/\",\"name\":\"BUZOS PARA ELLAS - The Dreams Box\",\"isPartOf\":{\"@id\":\"https:\\\/\\\/imcardbusiness.com\\\/thedreamsbox\\\/#website\"},\"primaryImageOfPage\":{\"@id\":\"https:\\\/\\\/imcardbusiness.com\\\/thedreamsbox\\\/tienda\\\/buzos-mujer-hombre\\\/buzos-ellas\\\/buzos-para-ellas-7\\\/#primaryimage\"},\"image\":{\"@id\":\"https:\\\/\\\/imcardbusiness.com\\\/thedreamsbox\\\/tienda\\\/buzos-mujer-hombre\\\/buzos-ellas\\\/buzos-para-ellas-7\\\/#primaryimage\"},\"thumbnailUrl\":\"https:\\\/\\\/imcardbusiness.com\\\/thedreamsbox\\\/wp-content\\\/uploads\\\/REFBM008.jpg\",\"datePublished\":\"2021-07-14T23:05:48+00:00\",\"dateModified\":\"2021-08-29T20:06:10+00:00\",\"description\":\"The Dreams Box 100% colombiana, dedicada a personalizar productos buzos para ellas y regalando lo mejor de ti.\",\"breadcrumb\":{\"@id\":\"https:\\\/\\\/imcardbusiness.com\\\/thedreamsbox\\\/tienda\\\/buzos-mujer-hombre\\\/buzos-ellas\\\/buzos-para-ellas-7\\\/#breadcrumb\"},\"inLanguage\":\"es\",\"potentialAction\":[{\"@type\":\"ReadAction\",\"target\":[\"https:\\\/\\\/imcardbusiness.com\\\/thedreamsbox\\\/tienda\\\/buzos-mujer-hombre\\\/buzos-ellas\\\/buzos-para-ellas-7\\\/\"]}]},{\"@type\":\"ImageObject\",\"inLanguage\":\"es\",\"@id\":\"https:\\\/\\\/imcardbusiness.com\\\/thedreamsbox\\\/tienda\\\/buzos-mujer-hombre\\\/buzos-ellas\\\/buzos-para-ellas-7\\\/#primaryimage\",\"url\":\"https:\\\/\\\/imcardbusiness.com\\\/thedreamsbox\\\/wp-content\\\/uploads\\\/REFBM008.jpg\",\"contentUrl\":\"https:\\\/\\\/imcardbusiness.com\\\/thedreamsbox\\\/wp-content\\\/uploads\\\/REFBM008.jpg\",\"width\":567,\"height\":849,\"caption\":\"Somos una empresa 100% colombiana, dedicada a personalizar productos que permiten a nuestros clientes mostrar su aprecio a seres queridos, familiares, amigos y clientes, por lo cual contamos con materiales de la m\u00e1s alta calidad, trabajados bajo los m\u00e1s altos est\u00e1ndares de bioseguridad.\"},{\"@type\":\"BreadcrumbList\",\"@id\":\"https:\\\/\\\/imcardbusiness.com\\\/thedreamsbox\\\/tienda\\\/buzos-mujer-hombre\\\/buzos-ellas\\\/buzos-para-ellas-7\\\/#breadcrumb\",\"itemListElement\":[{\"@type\":\"ListItem\",\"position\":1,\"name\":\"Portada\",\"item\":\"https:\\\/\\\/imcardbusiness.com\\\/thedreamsbox\\\/\"},{\"@type\":\"ListItem\",\"position\":2,\"name\":\"Tienda\",\"item\":\"https:\\\/\\\/imcardbusiness.com\\\/thedreamsbox\\\/tienda\\\/\"},{\"@type\":\"ListItem\",\"position\":3,\"name\":\"BUZOS PARA ELLAS\"}]},{\"@type\":\"WebSite\",\"@id\":\"https:\\\/\\\/imcardbusiness.com\\\/thedreamsbox\\\/#website\",\"url\":\"https:\\\/\\\/imcardbusiness.com\\\/thedreamsbox\\\/\",\"name\":\"The Dreams Box\",\"description\":\"Regala lo mejor de ti! Encuentra las mejores opciones de regalos para tu pareja, familia, amigos y empresas\",\"publisher\":{\"@id\":\"https:\\\/\\\/imcardbusiness.com\\\/thedreamsbox\\\/#organization\"},\"potentialAction\":[{\"@type\":\"SearchAction\",\"target\":{\"@type\":\"EntryPoint\",\"urlTemplate\":\"https:\\\/\\\/imcardbusiness.com\\\/thedreamsbox\\\/?s={search_term_string}\"},\"query-input\":{\"@type\":\"PropertyValueSpecification\",\"valueRequired\":true,\"valueName\":\"search_term_string\"}}],\"inLanguage\":\"es\"},{\"@type\":\"Organization\",\"@id\":\"https:\\\/\\\/imcardbusiness.com\\\/thedreamsbox\\\/#organization\",\"name\":\"THE DREAMS BOX\",\"url\":\"https:\\\/\\\/imcardbusiness.com\\\/thedreamsbox\\\/\",\"logo\":{\"@type\":\"ImageObject\",\"inLanguage\":\"es\",\"@id\":\"https:\\\/\\\/imcardbusiness.com\\\/thedreamsbox\\\/#\\\/schema\\\/logo\\\/image\\\/\",\"url\":\"https:\\\/\\\/imcardbusiness.com\\\/thedreamsbox\\\/wp-content\\\/uploads\\\/2021\\\/06\\\/cropped-FAVICON.png\",\"contentUrl\":\"https:\\\/\\\/imcardbusiness.com\\\/thedreamsbox\\\/wp-content\\\/uploads\\\/2021\\\/06\\\/cropped-FAVICON.png\",\"width\":512,\"height\":512,\"caption\":\"THE DREAMS BOX\"},\"image\":{\"@id\":\"https:\\\/\\\/imcardbusiness.com\\\/thedreamsbox\\\/#\\\/schema\\\/logo\\\/image\\\/\"},\"sameAs\":[\"https:\\\/\\\/www.facebook.com\\\/thedreamsboxonline\\\/\",\"https:\\\/\\\/www.instagram.com\\\/thedreamsbox_com\\\/?hl=es-la\"]}]}<\/script>\n<!-- \/ Yoast SEO plugin. -->","yoast_head_json":{"title":"BUZOS PARA ELLAS - The Dreams Box","description":"The Dreams Box 100% colombiana, dedicada a personalizar productos buzos para ellas y regalando lo mejor de ti.","robots":{"index":"index","follow":"follow","max-snippet":"max-snippet:-1","max-image-preview":"max-image-preview:large","max-video-preview":"max-video-preview:-1"},"canonical":"https:\/\/imcardbusiness.com\/thedreamsbox\/tienda\/buzos-mujer-hombre\/buzos-ellas\/buzos-para-ellas-7\/","og_locale":"es_ES","og_type":"article","og_title":"BUZOS PARA ELLAS - The Dreams Box","og_description":"The Dreams Box 100% colombiana, dedicada a personalizar productos buzos para ellas y regalando lo mejor de ti.","og_url":"https:\/\/imcardbusiness.com\/thedreamsbox\/tienda\/buzos-mujer-hombre\/buzos-ellas\/buzos-para-ellas-7\/","og_site_name":"The Dreams Box","article_publisher":"https:\/\/www.facebook.com\/thedreamsboxonline\/","article_modified_time":"2021-08-29T20:06:10+00:00","og_image":[{"width":567,"height":849,"url":"https:\/\/imcardbusiness.com\/thedreamsbox\/wp-content\/uploads\/REFBM008.jpg","type":"image\/jpeg"}],"twitter_card":"summary_large_image","twitter_misc":{"Tiempo de lectura":"2 minutos"},"schema":{"@context":"https:\/\/schema.org","@graph":[{"@type":"WebPage","@id":"https:\/\/imcardbusiness.com\/thedreamsbox\/tienda\/buzos-mujer-hombre\/buzos-ellas\/buzos-para-ellas-7\/","url":"https:\/\/imcardbusiness.com\/thedreamsbox\/tienda\/buzos-mujer-hombre\/buzos-ellas\/buzos-para-ellas-7\/","name":"BUZOS PARA ELLAS - The Dreams Box","isPartOf":{"@id":"https:\/\/imcardbusiness.com\/thedreamsbox\/#website"},"primaryImageOfPage":{"@id":"https:\/\/imcardbusiness.com\/thedreamsbox\/tienda\/buzos-mujer-hombre\/buzos-ellas\/buzos-para-ellas-7\/#primaryimage"},"image":{"@id":"https:\/\/imcardbusiness.com\/thedreamsbox\/tienda\/buzos-mujer-hombre\/buzos-ellas\/buzos-para-ellas-7\/#primaryimage"},"thumbnailUrl":"https:\/\/imcardbusiness.com\/thedreamsbox\/wp-content\/uploads\/REFBM008.jpg","datePublished":"2021-07-14T23:05:48+00:00","dateModified":"2021-08-29T20:06:10+00:00","description":"The Dreams Box 100% colombiana, dedicada a personalizar productos buzos para ellas y regalando lo mejor de ti.","breadcrumb":{"@id":"https:\/\/imcardbusiness.com\/thedreamsbox\/tienda\/buzos-mujer-hombre\/buzos-ellas\/buzos-para-ellas-7\/#breadcrumb"},"inLanguage":"es","potentialAction":[{"@type":"ReadAction","target":["https:\/\/imcardbusiness.com\/thedreamsbox\/tienda\/buzos-mujer-hombre\/buzos-ellas\/buzos-para-ellas-7\/"]}]},{"@type":"ImageObject","inLanguage":"es","@id":"https:\/\/imcardbusiness.com\/thedreamsbox\/tienda\/buzos-mujer-hombre\/buzos-ellas\/buzos-para-ellas-7\/#primaryimage","url":"https:\/\/imcardbusiness.com\/thedreamsbox\/wp-content\/uploads\/REFBM008.jpg","contentUrl":"https:\/\/imcardbusiness.com\/thedreamsbox\/wp-content\/uploads\/REFBM008.jpg","width":567,"height":849,"caption":"Somos una empresa 100% colombiana, dedicada a personalizar productos que permiten a nuestros clientes mostrar su aprecio a seres queridos, familiares, amigos y clientes, por lo cual contamos con materiales de la m\u00e1s alta calidad, trabajados bajo los m\u00e1s altos est\u00e1ndares de bioseguridad."},{"@type":"BreadcrumbList","@id":"https:\/\/imcardbusiness.com\/thedreamsbox\/tienda\/buzos-mujer-hombre\/buzos-ellas\/buzos-para-ellas-7\/#breadcrumb","itemListElement":[{"@type":"ListItem","position":1,"name":"Portada","item":"https:\/\/imcardbusiness.com\/thedreamsbox\/"},{"@type":"ListItem","position":2,"name":"Tienda","item":"https:\/\/imcardbusiness.com\/thedreamsbox\/tienda\/"},{"@type":"ListItem","position":3,"name":"BUZOS PARA ELLAS"}]},{"@type":"WebSite","@id":"https:\/\/imcardbusiness.com\/thedreamsbox\/#website","url":"https:\/\/imcardbusiness.com\/thedreamsbox\/","name":"The Dreams Box","description":"Regala lo mejor de ti! Encuentra las mejores opciones de regalos para tu pareja, familia, amigos y empresas","publisher":{"@id":"https:\/\/imcardbusiness.com\/thedreamsbox\/#organization"},"potentialAction":[{"@type":"SearchAction","target":{"@type":"EntryPoint","urlTemplate":"https:\/\/imcardbusiness.com\/thedreamsbox\/?s={search_term_string}"},"query-input":{"@type":"PropertyValueSpecification","valueRequired":true,"valueName":"search_term_string"}}],"inLanguage":"es"},{"@type":"Organization","@id":"https:\/\/imcardbusiness.com\/thedreamsbox\/#organization","name":"THE DREAMS BOX","url":"https:\/\/imcardbusiness.com\/thedreamsbox\/","logo":{"@type":"ImageObject","inLanguage":"es","@id":"https:\/\/imcardbusiness.com\/thedreamsbox\/#\/schema\/logo\/image\/","url":"https:\/\/imcardbusiness.com\/thedreamsbox\/wp-content\/uploads\/2021\/06\/cropped-FAVICON.png","contentUrl":"https:\/\/imcardbusiness.com\/thedreamsbox\/wp-content\/uploads\/2021\/06\/cropped-FAVICON.png","width":512,"height":512,"caption":"THE DREAMS BOX"},"image":{"@id":"https:\/\/imcardbusiness.com\/thedreamsbox\/#\/schema\/logo\/image\/"},"sameAs":["https:\/\/www.facebook.com\/thedreamsboxonline\/","https:\/\/www.instagram.com\/thedreamsbox_com\/?hl=es-la"]}]}},"_links":{"self":[{"href":"https:\/\/imcardbusiness.com\/thedreamsbox\/wp-json\/wp\/v2\/product\/3469","targetHints":{"allow":["GET"]}}],"collection":[{"href":"https:\/\/imcardbusiness.com\/thedreamsbox\/wp-json\/wp\/v2\/product"}],"about":[{"href":"https:\/\/imcardbusiness.com\/thedreamsbox\/wp-json\/wp\/v2\/types\/product"}],"replies":[{"embeddable":true,"href":"https:\/\/imcardbusiness.com\/thedreamsbox\/wp-json\/wp\/v2\/comments?post=3469"}],"wp:featuredmedia":[{"embeddable":true,"href":"https:\/\/imcardbusiness.com\/thedreamsbox\/wp-json\/wp\/v2\/media\/191"}],"wp:attachment":[{"href":"https:\/\/imcardbusiness.com\/thedreamsbox\/wp-json\/wp\/v2\/media?parent=3469"}],"wp:term":[{"taxonomy":"product_brand","embeddable":true,"href":"https:\/\/imcardbusiness.com\/thedreamsbox\/wp-json\/wp\/v2\/product_brand?post=3469"},{"taxonomy":"product_cat","embeddable":true,"href":"https:\/\/imcardbusiness.com\/thedreamsbox\/wp-json\/wp\/v2\/product_cat?post=3469"},{"taxonomy":"product_tag","embeddable":true,"href":"https:\/\/imcardbusiness.com\/thedreamsbox\/wp-json\/wp\/v2\/product_tag?post=3469"}],"curies":[{"name":"wp","href":"https:\/\/api.w.org\/{rel}","templated":true}]}}