{"id":2776,"date":"2021-06-28T12:47:16","date_gmt":"2021-06-28T17:47:16","guid":{"rendered":"https:\/\/imcardbusiness.com\/thedreamsbox\/?post_type=product&#038;p=2776"},"modified":"2021-06-28T13:35:30","modified_gmt":"2021-06-28T18:35:30","slug":"gorra-para-ellos","status":"publish","type":"product","link":"https:\/\/imcardbusiness.com\/thedreamsbox\/tienda\/gorras\/gorras-para-ellos\/gorra-para-ellos\/","title":{"rendered":"GORRA PARA ELLOS"},"content":{"rendered":"<ul>\n<li>Cada una de nuestras gorras es elaborada con materiales de alta calidad<\/li>\n<li>La t\u00e9cnica utilizada para el estampado es vinil textil, por lo cual no se desti\u00f1e el dise\u00f1o y se obtienen unos acabados brillantes.<\/li>\n<li>Todas nuestras prendas son personalizadas a partir del momento en que haces tu pedido.<\/li>\n<li>Una vez realices tu pedido contar\u00e1s con asistencia de env\u00edo y podr\u00e1s hacer seguimiento al mismo.<\/li>\n<li>El tiempo de env\u00edo varia seg\u00fan la zona de localizaci\u00f3n<\/li>\n<\/ul>\n<p><img loading=\"lazy\" decoding=\"async\" class=\"wp-image-144 aligncenter\" src=\"https:\/\/imcardbusiness.com\/thedreamsbox\/wp-content\/uploads\/Logo-The-Dreams-Box-gris-300x176.png\" alt=\"\" width=\"188\" height=\"110\" \/><\/p>\n<p>&nbsp;<\/p>\n","protected":false},"excerpt":{"rendered":"<h4>REFGH001<\/h4>\n<p><strong>ENV\u00cdO GRATIS<\/strong><br \/>\n<strong>Talla \u00danica<\/strong><\/p>\n","protected":false},"featured_media":2777,"comment_status":"open","ping_status":"closed","template":"","meta":{"_et_pb_use_builder":"","_et_pb_old_content":"","_et_gb_content_width":"","_joinchat":[]},"product_brand":[],"product_cat":[75,77],"product_tag":[79,83,53],"class_list":{"0":"post-2776","1":"product","2":"type-product","3":"status-publish","4":"has-post-thumbnail","6":"product_cat-gorras","7":"product_cat-gorras-para-ellos","8":"product_tag-gorras","9":"product_tag-gorras-para-hombre","10":"product_tag-ropa-deportiva","12":"first","13":"instock","14":"shipping-taxable","15":"purchasable","16":"product-type-simple"},"yoast_head":"<!-- This site is optimized with the Yoast SEO plugin v27.4 - https:\/\/yoast.com\/product\/yoast-seo-wordpress\/ -->\n<title>GORRA PARA ELLOS - The Dreams Box<\/title>\n<meta name=\"description\" content=\"The Dreams Box 100% colombiana, dedicada a personalizar productos gorras para ellas y regalando lo mejor de ti.\" \/>\n<meta name=\"robots\" content=\"index, follow, max-snippet:-1, max-image-preview:large, max-video-preview:-1\" \/>\n<link rel=\"canonical\" href=\"https:\/\/imcardbusiness.com\/thedreamsbox\/tienda\/gorras\/gorras-para-ellos\/gorra-para-ellos\/\" \/>\n<meta property=\"og:locale\" content=\"es_ES\" \/>\n<meta property=\"og:type\" content=\"article\" \/>\n<meta property=\"og:title\" content=\"GORRA PARA ELLOS - The Dreams Box\" \/>\n<meta property=\"og:description\" content=\"The Dreams Box 100% colombiana, dedicada a personalizar productos gorras para ellas y regalando lo mejor de ti.\" \/>\n<meta property=\"og:url\" content=\"https:\/\/imcardbusiness.com\/thedreamsbox\/tienda\/gorras\/gorras-para-ellos\/gorra-para-ellos\/\" \/>\n<meta property=\"og:site_name\" content=\"The Dreams Box\" \/>\n<meta property=\"article:publisher\" content=\"https:\/\/www.facebook.com\/thedreamsboxonline\/\" \/>\n<meta property=\"article:modified_time\" content=\"2021-06-28T18:35:30+00:00\" \/>\n<meta property=\"og:image\" content=\"https:\/\/imcardbusiness.com\/thedreamsbox\/wp-content\/uploads\/REFGH001.jpg\" \/>\n\t<meta property=\"og:image:width\" content=\"567\" \/>\n\t<meta property=\"og:image:height\" content=\"849\" \/>\n\t<meta property=\"og:image:type\" content=\"image\/jpeg\" \/>\n<meta name=\"twitter:card\" content=\"summary_large_image\" \/>\n<meta name=\"twitter:label1\" content=\"Tiempo de lectura\" \/>\n\t<meta name=\"twitter:data1\" content=\"1 minuto\" \/>\n<script type=\"application\/ld+json\" class=\"yoast-schema-graph\">{\"@context\":\"https:\\\/\\\/schema.org\",\"@graph\":[{\"@type\":\"WebPage\",\"@id\":\"https:\\\/\\\/imcardbusiness.com\\\/thedreamsbox\\\/tienda\\\/gorras\\\/gorras-para-ellos\\\/gorra-para-ellos\\\/\",\"url\":\"https:\\\/\\\/imcardbusiness.com\\\/thedreamsbox\\\/tienda\\\/gorras\\\/gorras-para-ellos\\\/gorra-para-ellos\\\/\",\"name\":\"GORRA PARA ELLOS - The Dreams Box\",\"isPartOf\":{\"@id\":\"https:\\\/\\\/imcardbusiness.com\\\/thedreamsbox\\\/#website\"},\"primaryImageOfPage\":{\"@id\":\"https:\\\/\\\/imcardbusiness.com\\\/thedreamsbox\\\/tienda\\\/gorras\\\/gorras-para-ellos\\\/gorra-para-ellos\\\/#primaryimage\"},\"image\":{\"@id\":\"https:\\\/\\\/imcardbusiness.com\\\/thedreamsbox\\\/tienda\\\/gorras\\\/gorras-para-ellos\\\/gorra-para-ellos\\\/#primaryimage\"},\"thumbnailUrl\":\"https:\\\/\\\/imcardbusiness.com\\\/thedreamsbox\\\/wp-content\\\/uploads\\\/REFGH001.jpg\",\"datePublished\":\"2021-06-28T17:47:16+00:00\",\"dateModified\":\"2021-06-28T18:35:30+00:00\",\"description\":\"The Dreams Box 100% colombiana, dedicada a personalizar productos gorras para ellas y regalando lo mejor de ti.\",\"breadcrumb\":{\"@id\":\"https:\\\/\\\/imcardbusiness.com\\\/thedreamsbox\\\/tienda\\\/gorras\\\/gorras-para-ellos\\\/gorra-para-ellos\\\/#breadcrumb\"},\"inLanguage\":\"es\",\"potentialAction\":[{\"@type\":\"ReadAction\",\"target\":[\"https:\\\/\\\/imcardbusiness.com\\\/thedreamsbox\\\/tienda\\\/gorras\\\/gorras-para-ellos\\\/gorra-para-ellos\\\/\"]}]},{\"@type\":\"ImageObject\",\"inLanguage\":\"es\",\"@id\":\"https:\\\/\\\/imcardbusiness.com\\\/thedreamsbox\\\/tienda\\\/gorras\\\/gorras-para-ellos\\\/gorra-para-ellos\\\/#primaryimage\",\"url\":\"https:\\\/\\\/imcardbusiness.com\\\/thedreamsbox\\\/wp-content\\\/uploads\\\/REFGH001.jpg\",\"contentUrl\":\"https:\\\/\\\/imcardbusiness.com\\\/thedreamsbox\\\/wp-content\\\/uploads\\\/REFGH001.jpg\",\"width\":567,\"height\":849,\"caption\":\"Somos una empresa 100% colombiana, dedicada a personalizar productos que permiten a nuestros clientes mostrar su aprecio a seres queridos, familiares, amigos y clientes, por lo cual contamos con materiales de la m\u00e1s alta calidad, trabajados bajo los m\u00e1s altos est\u00e1ndares de bioseguridad.\"},{\"@type\":\"BreadcrumbList\",\"@id\":\"https:\\\/\\\/imcardbusiness.com\\\/thedreamsbox\\\/tienda\\\/gorras\\\/gorras-para-ellos\\\/gorra-para-ellos\\\/#breadcrumb\",\"itemListElement\":[{\"@type\":\"ListItem\",\"position\":1,\"name\":\"Portada\",\"item\":\"https:\\\/\\\/imcardbusiness.com\\\/thedreamsbox\\\/\"},{\"@type\":\"ListItem\",\"position\":2,\"name\":\"Tienda\",\"item\":\"https:\\\/\\\/imcardbusiness.com\\\/thedreamsbox\\\/tienda\\\/\"},{\"@type\":\"ListItem\",\"position\":3,\"name\":\"GORRA PARA ELLOS\"}]},{\"@type\":\"WebSite\",\"@id\":\"https:\\\/\\\/imcardbusiness.com\\\/thedreamsbox\\\/#website\",\"url\":\"https:\\\/\\\/imcardbusiness.com\\\/thedreamsbox\\\/\",\"name\":\"The Dreams Box\",\"description\":\"Regala lo mejor de ti! Encuentra las mejores opciones de regalos para tu pareja, familia, amigos y empresas\",\"publisher\":{\"@id\":\"https:\\\/\\\/imcardbusiness.com\\\/thedreamsbox\\\/#organization\"},\"potentialAction\":[{\"@type\":\"SearchAction\",\"target\":{\"@type\":\"EntryPoint\",\"urlTemplate\":\"https:\\\/\\\/imcardbusiness.com\\\/thedreamsbox\\\/?s={search_term_string}\"},\"query-input\":{\"@type\":\"PropertyValueSpecification\",\"valueRequired\":true,\"valueName\":\"search_term_string\"}}],\"inLanguage\":\"es\"},{\"@type\":\"Organization\",\"@id\":\"https:\\\/\\\/imcardbusiness.com\\\/thedreamsbox\\\/#organization\",\"name\":\"THE DREAMS BOX\",\"url\":\"https:\\\/\\\/imcardbusiness.com\\\/thedreamsbox\\\/\",\"logo\":{\"@type\":\"ImageObject\",\"inLanguage\":\"es\",\"@id\":\"https:\\\/\\\/imcardbusiness.com\\\/thedreamsbox\\\/#\\\/schema\\\/logo\\\/image\\\/\",\"url\":\"https:\\\/\\\/imcardbusiness.com\\\/thedreamsbox\\\/wp-content\\\/uploads\\\/2021\\\/06\\\/cropped-FAVICON.png\",\"contentUrl\":\"https:\\\/\\\/imcardbusiness.com\\\/thedreamsbox\\\/wp-content\\\/uploads\\\/2021\\\/06\\\/cropped-FAVICON.png\",\"width\":512,\"height\":512,\"caption\":\"THE DREAMS BOX\"},\"image\":{\"@id\":\"https:\\\/\\\/imcardbusiness.com\\\/thedreamsbox\\\/#\\\/schema\\\/logo\\\/image\\\/\"},\"sameAs\":[\"https:\\\/\\\/www.facebook.com\\\/thedreamsboxonline\\\/\",\"https:\\\/\\\/www.instagram.com\\\/thedreamsbox_com\\\/?hl=es-la\"]}]}<\/script>\n<!-- \/ Yoast SEO plugin. -->","yoast_head_json":{"title":"GORRA PARA ELLOS - The Dreams Box","description":"The Dreams Box 100% colombiana, dedicada a personalizar productos gorras para ellas y regalando lo mejor de ti.","robots":{"index":"index","follow":"follow","max-snippet":"max-snippet:-1","max-image-preview":"max-image-preview:large","max-video-preview":"max-video-preview:-1"},"canonical":"https:\/\/imcardbusiness.com\/thedreamsbox\/tienda\/gorras\/gorras-para-ellos\/gorra-para-ellos\/","og_locale":"es_ES","og_type":"article","og_title":"GORRA PARA ELLOS - The Dreams Box","og_description":"The Dreams Box 100% colombiana, dedicada a personalizar productos gorras para ellas y regalando lo mejor de ti.","og_url":"https:\/\/imcardbusiness.com\/thedreamsbox\/tienda\/gorras\/gorras-para-ellos\/gorra-para-ellos\/","og_site_name":"The Dreams Box","article_publisher":"https:\/\/www.facebook.com\/thedreamsboxonline\/","article_modified_time":"2021-06-28T18:35:30+00:00","og_image":[{"width":567,"height":849,"url":"https:\/\/imcardbusiness.com\/thedreamsbox\/wp-content\/uploads\/REFGH001.jpg","type":"image\/jpeg"}],"twitter_card":"summary_large_image","twitter_misc":{"Tiempo de lectura":"1 minuto"},"schema":{"@context":"https:\/\/schema.org","@graph":[{"@type":"WebPage","@id":"https:\/\/imcardbusiness.com\/thedreamsbox\/tienda\/gorras\/gorras-para-ellos\/gorra-para-ellos\/","url":"https:\/\/imcardbusiness.com\/thedreamsbox\/tienda\/gorras\/gorras-para-ellos\/gorra-para-ellos\/","name":"GORRA PARA ELLOS - The Dreams Box","isPartOf":{"@id":"https:\/\/imcardbusiness.com\/thedreamsbox\/#website"},"primaryImageOfPage":{"@id":"https:\/\/imcardbusiness.com\/thedreamsbox\/tienda\/gorras\/gorras-para-ellos\/gorra-para-ellos\/#primaryimage"},"image":{"@id":"https:\/\/imcardbusiness.com\/thedreamsbox\/tienda\/gorras\/gorras-para-ellos\/gorra-para-ellos\/#primaryimage"},"thumbnailUrl":"https:\/\/imcardbusiness.com\/thedreamsbox\/wp-content\/uploads\/REFGH001.jpg","datePublished":"2021-06-28T17:47:16+00:00","dateModified":"2021-06-28T18:35:30+00:00","description":"The Dreams Box 100% colombiana, dedicada a personalizar productos gorras para ellas y regalando lo mejor de ti.","breadcrumb":{"@id":"https:\/\/imcardbusiness.com\/thedreamsbox\/tienda\/gorras\/gorras-para-ellos\/gorra-para-ellos\/#breadcrumb"},"inLanguage":"es","potentialAction":[{"@type":"ReadAction","target":["https:\/\/imcardbusiness.com\/thedreamsbox\/tienda\/gorras\/gorras-para-ellos\/gorra-para-ellos\/"]}]},{"@type":"ImageObject","inLanguage":"es","@id":"https:\/\/imcardbusiness.com\/thedreamsbox\/tienda\/gorras\/gorras-para-ellos\/gorra-para-ellos\/#primaryimage","url":"https:\/\/imcardbusiness.com\/thedreamsbox\/wp-content\/uploads\/REFGH001.jpg","contentUrl":"https:\/\/imcardbusiness.com\/thedreamsbox\/wp-content\/uploads\/REFGH001.jpg","width":567,"height":849,"caption":"Somos una empresa 100% colombiana, dedicada a personalizar productos que permiten a nuestros clientes mostrar su aprecio a seres queridos, familiares, amigos y clientes, por lo cual contamos con materiales de la m\u00e1s alta calidad, trabajados bajo los m\u00e1s altos est\u00e1ndares de bioseguridad."},{"@type":"BreadcrumbList","@id":"https:\/\/imcardbusiness.com\/thedreamsbox\/tienda\/gorras\/gorras-para-ellos\/gorra-para-ellos\/#breadcrumb","itemListElement":[{"@type":"ListItem","position":1,"name":"Portada","item":"https:\/\/imcardbusiness.com\/thedreamsbox\/"},{"@type":"ListItem","position":2,"name":"Tienda","item":"https:\/\/imcardbusiness.com\/thedreamsbox\/tienda\/"},{"@type":"ListItem","position":3,"name":"GORRA PARA ELLOS"}]},{"@type":"WebSite","@id":"https:\/\/imcardbusiness.com\/thedreamsbox\/#website","url":"https:\/\/imcardbusiness.com\/thedreamsbox\/","name":"The Dreams Box","description":"Regala lo mejor de ti! Encuentra las mejores opciones de regalos para tu pareja, familia, amigos y empresas","publisher":{"@id":"https:\/\/imcardbusiness.com\/thedreamsbox\/#organization"},"potentialAction":[{"@type":"SearchAction","target":{"@type":"EntryPoint","urlTemplate":"https:\/\/imcardbusiness.com\/thedreamsbox\/?s={search_term_string}"},"query-input":{"@type":"PropertyValueSpecification","valueRequired":true,"valueName":"search_term_string"}}],"inLanguage":"es"},{"@type":"Organization","@id":"https:\/\/imcardbusiness.com\/thedreamsbox\/#organization","name":"THE DREAMS BOX","url":"https:\/\/imcardbusiness.com\/thedreamsbox\/","logo":{"@type":"ImageObject","inLanguage":"es","@id":"https:\/\/imcardbusiness.com\/thedreamsbox\/#\/schema\/logo\/image\/","url":"https:\/\/imcardbusiness.com\/thedreamsbox\/wp-content\/uploads\/2021\/06\/cropped-FAVICON.png","contentUrl":"https:\/\/imcardbusiness.com\/thedreamsbox\/wp-content\/uploads\/2021\/06\/cropped-FAVICON.png","width":512,"height":512,"caption":"THE DREAMS BOX"},"image":{"@id":"https:\/\/imcardbusiness.com\/thedreamsbox\/#\/schema\/logo\/image\/"},"sameAs":["https:\/\/www.facebook.com\/thedreamsboxonline\/","https:\/\/www.instagram.com\/thedreamsbox_com\/?hl=es-la"]}]}},"_links":{"self":[{"href":"https:\/\/imcardbusiness.com\/thedreamsbox\/wp-json\/wp\/v2\/product\/2776","targetHints":{"allow":["GET"]}}],"collection":[{"href":"https:\/\/imcardbusiness.com\/thedreamsbox\/wp-json\/wp\/v2\/product"}],"about":[{"href":"https:\/\/imcardbusiness.com\/thedreamsbox\/wp-json\/wp\/v2\/types\/product"}],"replies":[{"embeddable":true,"href":"https:\/\/imcardbusiness.com\/thedreamsbox\/wp-json\/wp\/v2\/comments?post=2776"}],"wp:featuredmedia":[{"embeddable":true,"href":"https:\/\/imcardbusiness.com\/thedreamsbox\/wp-json\/wp\/v2\/media\/2777"}],"wp:attachment":[{"href":"https:\/\/imcardbusiness.com\/thedreamsbox\/wp-json\/wp\/v2\/media?parent=2776"}],"wp:term":[{"taxonomy":"product_brand","embeddable":true,"href":"https:\/\/imcardbusiness.com\/thedreamsbox\/wp-json\/wp\/v2\/product_brand?post=2776"},{"taxonomy":"product_cat","embeddable":true,"href":"https:\/\/imcardbusiness.com\/thedreamsbox\/wp-json\/wp\/v2\/product_cat?post=2776"},{"taxonomy":"product_tag","embeddable":true,"href":"https:\/\/imcardbusiness.com\/thedreamsbox\/wp-json\/wp\/v2\/product_tag?post=2776"}],"curies":[{"name":"wp","href":"https:\/\/api.w.org\/{rel}","templated":true}]}}