{"id":96,"date":"2021-06-21T14:36:22","date_gmt":"2021-06-21T19:36:22","guid":{"rendered":"https:\/\/imcardbusiness.com\/thedreamsbox\/?page_id=96"},"modified":"2021-08-10T20:39:49","modified_gmt":"2021-08-11T01:39:49","slug":"nosotros","status":"publish","type":"page","link":"https:\/\/imcardbusiness.com\/thedreamsbox\/nosotros\/","title":{"rendered":"Nosotros"},"content":{"rendered":"<p>[et_pb_section fb_built=\u00bb1&#8243; _builder_version=\u00bb4.9.4&#8243; _module_preset=\u00bbdefault\u00bb background_color=\u00bb#F0F4F6&#8243; custom_margin=\u00bb||||false|false\u00bb custom_padding=\u00bb0px||0px||true|false\u00bb][et_pb_row _builder_version=\u00bb4.9.4&#8243; _module_preset=\u00bbdefault\u00bb custom_padding=\u00bb39px||24px|||\u00bb][et_pb_column type=\u00bb4_4&#8243; _builder_version=\u00bb4.9.4&#8243; _module_preset=\u00bbdefault\u00bb][et_pb_db_breadcrumbs _builder_version=\u00bb4.9.4&#8243; _module_preset=\u00bbdefault\u00bb text_text_align=\u00bbcenter\u00bb text_orientation=\u00bbcenter\u00bb module_alignment=\u00bbcenter\u00bb text_text_color__hover_enabled=\u00bbon|hover\u00bb text_text_color__hover=\u00bb#FF3130&#8243;][\/et_pb_db_breadcrumbs][\/et_pb_column][\/et_pb_row][\/et_pb_section][et_pb_section fb_built=\u00bb1&#8243; _builder_version=\u00bb4.9.4&#8243; _module_preset=\u00bbdefault\u00bb custom_padding=\u00bb||1px|||\u00bb][et_pb_row column_structure=\u00bb1_4,3_4&#8243; _builder_version=\u00bb4.9.4&#8243; _module_preset=\u00bbdefault\u00bb][et_pb_column type=\u00bb1_4&#8243; _builder_version=\u00bb4.9.4&#8243; _module_preset=\u00bbdefault\u00bb][et_pb_image src=\u00bbhttps:\/\/imcardbusiness.com\/thedreamsbox\/wp-content\/uploads\/Logo-The-Dreams-Box-gris.png\u00bb title_text=\u00bbLogo The Dreams Box gris\u00bb disabled_on=\u00bbon|on|off\u00bb _builder_version=\u00bb4.9.10&#8243; _module_preset=\u00bbdefault\u00bb hover_enabled=\u00bb0&#8243; sticky_enabled=\u00bb0&#8243;][\/et_pb_image][\/et_pb_column][et_pb_column type=\u00bb3_4&#8243; _builder_version=\u00bb4.9.4&#8243; _module_preset=\u00bbdefault\u00bb][et_pb_text _builder_version=\u00bb4.9.7&#8243; _module_preset=\u00bbdefault\u00bb text_font=\u00bb|300|||||||\u00bb header_2_line_height=\u00bb2em\u00bb custom_margin=\u00bb-9px||9px|||\u00bb]<\/p>\n<h2>Quienes somos<\/h2>\n<p>Somos una empresa 100% colombiana, dedicada a personalizar productos que permiten a nuestros clientes mostrar su aprecio a seres queridos, familiares, amigos y clientes, por lo cual contamos con materiales de la m\u00e1s alta calidad, trabajados bajo los m\u00e1s altos est\u00e1ndares de bioseguridad.<\/p>\n<p>Teniendo en cuenta que el internet es cada d\u00eda una de las herramientas m\u00e1s utilizadas por las personas a nivel mundial para hacer sus compras, ponemos a su disposici\u00f3n una tienda virtual con atenci\u00f3n 24\/7, para que nuestros clientes sin importar la hora, el d\u00eda o el lugar puedan acceder a nuestros productos y hacerlos llegar a sus destinatarios con unos tiempos acordes a su necesidad y en las mejores condiciones.<\/p>\n<p>[\/et_pb_text][\/et_pb_column][\/et_pb_row][et_pb_row column_structure=\u00bb1_2,1_2&#8243; _builder_version=\u00bb4.9.7&#8243; _module_preset=\u00bbdefault\u00bb][et_pb_column type=\u00bb1_2&#8243; _builder_version=\u00bb4.9.7&#8243; _module_preset=\u00bbdefault\u00bb][et_pb_toggle title=\u00bbMisi\u00f3n\u00bb open_toggle_text_color=\u00bb#000000&#8243; icon_color=\u00bb#000000&#8243; _builder_version=\u00bb4.9.10&#8243; _module_preset=\u00bbdefault\u00bb title_text_color=\u00bb#000000&#8243; hover_enabled=\u00bb0&#8243; open_toggle_text_color__hover_enabled=\u00bbon|desktop\u00bb sticky_enabled=\u00bb0&#8243; open_toggle_text_color__hover=\u00bb#3EACAF\u00bb icon_color__hover_enabled=\u00bbon|desktop\u00bb icon_color__hover=\u00bb#3EACAF\u00bb title_text_color__hover_enabled=\u00bbon|hover\u00bb title_text_color__hover=\u00bb#3EACAF\u00bb]<\/p>\n<p>Brindar a nuestros clientes productos con la mas alta calidad tanto en prendas como en materias primas, acorde con sus necesidades, tiempos de respuesta y calidad humana.<\/p>\n<p>[\/et_pb_toggle][\/et_pb_column][et_pb_column type=\u00bb1_2&#8243; _builder_version=\u00bb4.9.7&#8243; _module_preset=\u00bbdefault\u00bb][et_pb_toggle title=\u00bbVisi\u00f3n\u00bb icon_color=\u00bb#000000&#8243; _builder_version=\u00bb4.9.10&#8243; _module_preset=\u00bbdefault\u00bb title_text_color=\u00bb#000000&#8243; hover_enabled=\u00bb0&#8243; open_toggle_text_color__hover_enabled=\u00bbon|hover\u00bb sticky_enabled=\u00bb0&#8243; open_toggle_text_color__hover=\u00bb#3EACAF\u00bb icon_color__hover_enabled=\u00bbon|desktop\u00bb icon_color__hover=\u00bb#3EACAF\u00bb title_text_color__hover_enabled=\u00bbon|hover\u00bb title_text_color__hover=\u00bb#3EACAF\u00bb]<\/p>\n<p>Lograr de nuestro emprendimiento una gran acogida entre nuestros clientes, para que en el termino de \u00a05 a\u00f1os, seamos reconocidos a nivel nacional como una de las mejores alternativas en regalos personalizados.<\/p>\n<p>[\/et_pb_toggle][\/et_pb_column][\/et_pb_row][\/et_pb_section][et_pb_section fb_built=\u00bb1&#8243; _builder_version=\u00bb4.9.4&#8243; _module_preset=\u00bbdefault\u00bb][et_pb_row column_structure=\u00bb1_2,1_2&#8243; use_custom_gutter=\u00bbon\u00bb gutter_width=\u00bb2&#8243; make_equal=\u00bbon\u00bb _builder_version=\u00bb4.9.10&#8243; _module_preset=\u00bbdefault\u00bb custom_padding=\u00bb0px||0px||true|false\u00bb][et_pb_column type=\u00bb1_2&#8243; _builder_version=\u00bb4.9.10&#8243; _module_preset=\u00bbdefault\u00bb background_image=\u00bbhttps:\/\/imcardbusiness.com\/thedreamsbox\/wp-content\/uploads\/foto1.jpg\u00bb custom_padding=\u00bb7vh|5vh|7vh|5vh|true|true\u00bb][et_pb_cta button_url=\u00bbhttps:\/\/imcardbusiness.com\/thedreamsbox\/buzos-para-parejas\/\u00bb button_text=\u00bbIr all\u00e1\u00bb _builder_version=\u00bb4.9.10&#8243; _module_preset=\u00bbdefault\u00bb header_font=\u00bb|300|||||||\u00bb body_font=\u00bb|300|||||||\u00bb use_background_color=\u00bboff\u00bb background_enable_image=\u00bboff\u00bb custom_button=\u00bbon\u00bb button_text_color=\u00bb#010101&#8243; button_bg_color=\u00bbRGBA(0,0,0,0)\u00bb button_border_width=\u00bb0px\u00bb button_icon=\u00bb%%36%%\u00bb button_on_hover=\u00bboff\u00bb button_alignment=\u00bbleft\u00bb button_custom_padding=\u00bb|||0px|false|false\u00bb text_orientation=\u00bbleft\u00bb background_layout=\u00bblight\u00bb hover_enabled=\u00bb0&#8243; button_bg_color__hover_enabled=\u00bbon|hover\u00bb button_bg_color__hover=\u00bbRGBA(0,0,0,0)\u00bb button_bg_enable_color__hover=\u00bbon\u00bb button_text_color__hover_enabled=\u00bbon|hover\u00bb button_text_color__hover=\u00bb#676767&#8243; sticky_enabled=\u00bb0&#8243;]<\/p>\n<h2><strong>Buzos<\/strong><span>\u00a0<\/span>Personalizados<br \/>Parejas<\/h2>\n<p>&nbsp;<\/p>\n<p>[\/et_pb_cta][\/et_pb_column][et_pb_column type=\u00bb1_2&#8243; _builder_version=\u00bb4.9.10&#8243; _module_preset=\u00bbdefault\u00bb background_image=\u00bbhttps:\/\/imcardbusiness.com\/thedreamsbox\/wp-content\/uploads\/foto2.jpg\u00bb custom_padding=\u00bb7vh|5vh|7vh|5vh|true|true\u00bb][et_pb_cta button_url=\u00bbhttps:\/\/imcardbusiness.com\/thedreamsbox\/dotaciones-para-empresas\/\u00bb button_text=\u00bbIr all\u00e1\u00bb _builder_version=\u00bb4.9.10&#8243; _module_preset=\u00bbdefault\u00bb header_font=\u00bb|300|||||||\u00bb body_font=\u00bb|300|||||||\u00bb use_background_color=\u00bboff\u00bb background_enable_image=\u00bboff\u00bb custom_button=\u00bbon\u00bb button_text_color=\u00bb#010101&#8243; button_bg_color=\u00bbRGBA(0,0,0,0)\u00bb button_border_width=\u00bb0px\u00bb button_icon=\u00bb%%36%%\u00bb button_on_hover=\u00bboff\u00bb button_alignment=\u00bbleft\u00bb button_custom_padding=\u00bb|||0px|false|false\u00bb text_orientation=\u00bbleft\u00bb background_layout=\u00bblight\u00bb button_bg_color__hover_enabled=\u00bbon|hover\u00bb button_bg_color__hover=\u00bbRGBA(0,0,0,0)\u00bb button_bg_enable_color__hover=\u00bbon\u00bb button_text_color__hover_enabled=\u00bbon|hover\u00bb button_text_color__hover=\u00bb#676767&#8243;]<\/p>\n<h2><strong>Dotaciones<\/strong> Para<br \/>Empresas<\/h2>\n<p>&nbsp;<\/p>\n<p>[\/et_pb_cta][\/et_pb_column][\/et_pb_row][\/et_pb_section][et_pb_section fb_built=\u00bb1&#8243; _builder_version=\u00bb4.9.4&#8243; _module_preset=\u00bbdefault\u00bb custom_padding=\u00bb12px||12px||true|\u00bb][et_pb_row column_structure=\u00bb1_4,1_4,1_4,1_4&#8243; _builder_version=\u00bb4.9.4&#8243; _module_preset=\u00bbdefault\u00bb][et_pb_column type=\u00bb1_4&#8243; _builder_version=\u00bb4.9.4&#8243; _module_preset=\u00bbdefault\u00bb border_width_right=\u00bb2px\u00bb border_color_right=\u00bb#9E9E9E\u00bb border_width_right_tablet=\u00bb\u00bb border_width_right_phone=\u00bb0px\u00bb border_width_right_last_edited=\u00bbon|phone\u00bb border_width_right__hover_enabled=\u00bboff|desktop\u00bb][et_pb_blurb title=\u00bbEnv\u00edo Gratis\u00bb use_icon=\u00bbon\u00bb font_icon=\u00bb%%102%%\u00bb icon_color=\u00bb#3EACAF\u00bb icon_placement=\u00bbleft\u00bb _builder_version=\u00bb4.9.10&#8243; _module_preset=\u00bbdefault\u00bb body_font=\u00bb|300|||||||\u00bb body_font_size=\u00bb15px\u00bb icon_color__hover_enabled=\u00bbon|hover\u00bb icon_color__hover=\u00bb#000000&#8243;]<\/p>\n<div class=\"col-lg-3 col-md-6 col-sm-6 col-12 service-border-1\">\n<div class=\"single-service-wrap-2 mb-30\">\n<div class=\"service-content-2\">\n<p>*Aplican Condiciones<\/p>\n<\/div>\n<\/div>\n<\/div>\n<p>[\/et_pb_blurb][\/et_pb_column][et_pb_column type=\u00bb1_4&#8243; _builder_version=\u00bb4.9.4&#8243; _module_preset=\u00bbdefault\u00bb border_width_right=\u00bb2px\u00bb border_color_right=\u00bb#9E9E9E\u00bb border_width_right_tablet=\u00bb0px\u00bb border_width_right_phone=\u00bb\u00bb border_width_right_last_edited=\u00bbon|tablet\u00bb global_colors_info=\u00bb{}\u00bb][et_pb_blurb title=\u00bb30 D\u00edas de Garant\u00eda\u00bb use_icon=\u00bbon\u00bb font_icon=\u00bb%%41%%\u00bb icon_color=\u00bb#3EACAF\u00bb icon_placement=\u00bbleft\u00bb _builder_version=\u00bb4.9.7&#8243; _module_preset=\u00bbdefault\u00bb body_font=\u00bb|300|||||||\u00bb body_font_size=\u00bb15px\u00bb icon_color__hover_enabled=\u00bbon|hover\u00bb icon_color__hover=\u00bb#000000&#8243;]<\/p>\n<div class=\"col-lg-3 col-md-6 col-sm-6 col-12 service-border-1\">\n<div class=\"single-service-wrap-2 mb-30\">\n<div class=\"service-content-2\">\n<div class=\"col-lg-3 col-md-6 col-sm-6 col-12 service-border-1 service-border-1-none-md\">\n<div class=\"single-service-wrap-2 mb-30\">\n<div class=\"service-content-2\">\n<p>Por defectos del producto<\/p>\n<\/div>\n<\/div>\n<\/div>\n<\/div>\n<\/div>\n<\/div>\n<p>[\/et_pb_blurb][\/et_pb_column][et_pb_column type=\u00bb1_4&#8243; _builder_version=\u00bb4.9.4&#8243; _module_preset=\u00bbdefault\u00bb border_width_right=\u00bb2px\u00bb border_color_right=\u00bb#9E9E9E\u00bb border_width_right_tablet=\u00bb\u00bb border_width_right_phone=\u00bb0px\u00bb border_width_right_last_edited=\u00bbon|phone\u00bb global_colors_info=\u00bb{}\u00bb][et_pb_blurb title=\u00bbPago Seguro\u00bb use_icon=\u00bbon\u00bb font_icon=\u00bb%%113%%\u00bb icon_color=\u00bb#3EACAF\u00bb icon_placement=\u00bbleft\u00bb _builder_version=\u00bb4.9.7&#8243; _module_preset=\u00bbdefault\u00bb body_font=\u00bb|300|||||||\u00bb body_font_size=\u00bb15px\u00bb icon_color__hover_enabled=\u00bbon|desktop\u00bb icon_color__hover=\u00bb#000000&#8243;]<\/p>\n<div class=\"col-lg-3 col-md-6 col-sm-6 col-12 service-border-1\">\n<div class=\"single-service-wrap-2 mb-30\">\n<div class=\"service-content-2\">\n<div class=\"col-lg-3 col-md-6 col-sm-6 col-12 service-border-1 service-border-1-none-md\">\n<div class=\"single-service-wrap-2 mb-30\">\n<div class=\"service-content-2\">\n<div class=\"col-lg-3 col-md-6 col-sm-6 col-12 service-border-1\">\n<div class=\"single-service-wrap-2 mb-30\">\n<div class=\"service-content-2\">\n<p>Garant\u00eda 100%<\/p>\n<\/div>\n<\/div>\n<\/div>\n<\/div>\n<\/div>\n<\/div>\n<\/div>\n<\/div>\n<\/div>\n<p>[\/et_pb_blurb][\/et_pb_column][et_pb_column type=\u00bb1_4&#8243; _builder_version=\u00bb4.9.4&#8243; _module_preset=\u00bbdefault\u00bb border_color_right=\u00bb#9E9E9E\u00bb global_colors_info=\u00bb{}\u00bb][et_pb_blurb title=\u00bbSoporte\u00bb use_icon=\u00bbon\u00bb font_icon=\u00bb%%132%%\u00bb icon_color=\u00bb#3EACAF\u00bb icon_placement=\u00bbleft\u00bb _builder_version=\u00bb4.9.10&#8243; _module_preset=\u00bbdefault\u00bb body_font=\u00bb|300|||||||\u00bb body_font_size=\u00bb15px\u00bb icon_color__hover_enabled=\u00bbon|hover\u00bb icon_color__hover=\u00bb#000000&#8243;]<\/p>\n<div class=\"col-lg-3 col-md-6 col-sm-6 col-12 service-border-1\">\n<div class=\"single-service-wrap-2 mb-30\">\n<div class=\"service-content-2\">\n<div class=\"col-lg-3 col-md-6 col-sm-6 col-12 service-border-1 service-border-1-none-md\">\n<div class=\"single-service-wrap-2 mb-30\">\n<div class=\"service-content-2\">\n<div class=\"col-lg-3 col-md-6 col-sm-6 col-12 service-border-1\">\n<div class=\"single-service-wrap-2 mb-30\">\n<div class=\"service-content-2\">\n<p>L\/V 10am &#8211; 6pm<\/p>\n<\/div>\n<\/div>\n<\/div>\n<\/div>\n<\/div>\n<\/div>\n<\/div>\n<\/div>\n<\/div>\n<p>[\/et_pb_blurb][\/et_pb_column][\/et_pb_row][\/et_pb_section]<\/p>\n","protected":false},"excerpt":{"rendered":"<p>Quienes somos Somos una empresa 100% colombiana, dedicada a personalizar productos que permiten a nuestros clientes mostrar su aprecio a seres queridos, familiares, amigos y clientes, por lo cual contamos con materiales de la m\u00e1s alta calidad, trabajados bajo los m\u00e1s altos est\u00e1ndares de bioseguridad. Teniendo en cuenta que el internet es cada d\u00eda una [&hellip;]<\/p>\n","protected":false},"author":1,"featured_media":55,"parent":0,"menu_order":0,"comment_status":"closed","ping_status":"closed","template":"","meta":{"_et_pb_use_builder":"on","_et_pb_old_content":"<!-- wp:divi\/placeholder \/-->","_et_gb_content_width":"","_joinchat":[],"footnotes":""},"class_list":["post-96","page","type-page","status-publish","has-post-thumbnail","hentry"],"yoast_head":"<!-- This site is optimized with the Yoast SEO plugin v27.4 - https:\/\/yoast.com\/product\/yoast-seo-wordpress\/ -->\n<title>Nosotros - The Dreams Box<\/title>\n<meta name=\"robots\" content=\"index, follow, max-snippet:-1, max-image-preview:large, max-video-preview:-1\" \/>\n<link rel=\"canonical\" href=\"https:\/\/imcardbusiness.com\/thedreamsbox\/nosotros\/\" \/>\n<meta property=\"og:locale\" content=\"es_ES\" \/>\n<meta property=\"og:type\" content=\"article\" \/>\n<meta property=\"og:title\" content=\"Nosotros - The Dreams Box\" \/>\n<meta property=\"og:description\" content=\"Quienes somos Somos una empresa 100% colombiana, dedicada a personalizar productos que permiten a nuestros clientes mostrar su aprecio a seres queridos, familiares, amigos y clientes, por lo cual contamos con materiales de la m\u00e1s alta calidad, trabajados bajo los m\u00e1s altos est\u00e1ndares de bioseguridad. Teniendo en cuenta que el internet es cada d\u00eda una [&hellip;]\" \/>\n<meta property=\"og:url\" content=\"https:\/\/imcardbusiness.com\/thedreamsbox\/nosotros\/\" \/>\n<meta property=\"og:site_name\" content=\"The Dreams Box\" \/>\n<meta property=\"article:publisher\" content=\"https:\/\/www.facebook.com\/thedreamsboxonline\/\" \/>\n<meta property=\"article:modified_time\" content=\"2021-08-11T01:39:49+00:00\" \/>\n<meta property=\"og:image\" content=\"https:\/\/imcardbusiness.com\/thedreamsbox\/wp-content\/uploads\/2021\/06\/FAVICON.png\" \/>\n\t<meta property=\"og:image:width\" content=\"516\" \/>\n\t<meta property=\"og:image:height\" content=\"520\" \/>\n\t<meta property=\"og:image:type\" content=\"image\/png\" \/>\n<meta name=\"twitter:card\" content=\"summary_large_image\" \/>\n<script type=\"application\/ld+json\" class=\"yoast-schema-graph\">{\"@context\":\"https:\\\/\\\/schema.org\",\"@graph\":[{\"@type\":\"WebPage\",\"@id\":\"https:\\\/\\\/imcardbusiness.com\\\/thedreamsbox\\\/nosotros\\\/\",\"url\":\"https:\\\/\\\/imcardbusiness.com\\\/thedreamsbox\\\/nosotros\\\/\",\"name\":\"Nosotros - The Dreams Box\",\"isPartOf\":{\"@id\":\"https:\\\/\\\/imcardbusiness.com\\\/thedreamsbox\\\/#website\"},\"primaryImageOfPage\":{\"@id\":\"https:\\\/\\\/imcardbusiness.com\\\/thedreamsbox\\\/nosotros\\\/#primaryimage\"},\"image\":{\"@id\":\"https:\\\/\\\/imcardbusiness.com\\\/thedreamsbox\\\/nosotros\\\/#primaryimage\"},\"thumbnailUrl\":\"https:\\\/\\\/imcardbusiness.com\\\/thedreamsbox\\\/wp-content\\\/uploads\\\/2021\\\/06\\\/FAVICON.png\",\"datePublished\":\"2021-06-21T19:36:22+00:00\",\"dateModified\":\"2021-08-11T01:39:49+00:00\",\"breadcrumb\":{\"@id\":\"https:\\\/\\\/imcardbusiness.com\\\/thedreamsbox\\\/nosotros\\\/#breadcrumb\"},\"inLanguage\":\"es\",\"potentialAction\":[{\"@type\":\"ReadAction\",\"target\":[\"https:\\\/\\\/imcardbusiness.com\\\/thedreamsbox\\\/nosotros\\\/\"]}]},{\"@type\":\"ImageObject\",\"inLanguage\":\"es\",\"@id\":\"https:\\\/\\\/imcardbusiness.com\\\/thedreamsbox\\\/nosotros\\\/#primaryimage\",\"url\":\"https:\\\/\\\/imcardbusiness.com\\\/thedreamsbox\\\/wp-content\\\/uploads\\\/2021\\\/06\\\/FAVICON.png\",\"contentUrl\":\"https:\\\/\\\/imcardbusiness.com\\\/thedreamsbox\\\/wp-content\\\/uploads\\\/2021\\\/06\\\/FAVICON.png\",\"width\":516,\"height\":520},{\"@type\":\"BreadcrumbList\",\"@id\":\"https:\\\/\\\/imcardbusiness.com\\\/thedreamsbox\\\/nosotros\\\/#breadcrumb\",\"itemListElement\":[{\"@type\":\"ListItem\",\"position\":1,\"name\":\"Portada\",\"item\":\"https:\\\/\\\/imcardbusiness.com\\\/thedreamsbox\\\/\"},{\"@type\":\"ListItem\",\"position\":2,\"name\":\"Nosotros\"}]},{\"@type\":\"WebSite\",\"@id\":\"https:\\\/\\\/imcardbusiness.com\\\/thedreamsbox\\\/#website\",\"url\":\"https:\\\/\\\/imcardbusiness.com\\\/thedreamsbox\\\/\",\"name\":\"The Dreams Box\",\"description\":\"Regala lo mejor de ti! Encuentra las mejores opciones de regalos para tu pareja, familia, amigos y empresas\",\"publisher\":{\"@id\":\"https:\\\/\\\/imcardbusiness.com\\\/thedreamsbox\\\/#organization\"},\"potentialAction\":[{\"@type\":\"SearchAction\",\"target\":{\"@type\":\"EntryPoint\",\"urlTemplate\":\"https:\\\/\\\/imcardbusiness.com\\\/thedreamsbox\\\/?s={search_term_string}\"},\"query-input\":{\"@type\":\"PropertyValueSpecification\",\"valueRequired\":true,\"valueName\":\"search_term_string\"}}],\"inLanguage\":\"es\"},{\"@type\":\"Organization\",\"@id\":\"https:\\\/\\\/imcardbusiness.com\\\/thedreamsbox\\\/#organization\",\"name\":\"THE DREAMS BOX\",\"url\":\"https:\\\/\\\/imcardbusiness.com\\\/thedreamsbox\\\/\",\"logo\":{\"@type\":\"ImageObject\",\"inLanguage\":\"es\",\"@id\":\"https:\\\/\\\/imcardbusiness.com\\\/thedreamsbox\\\/#\\\/schema\\\/logo\\\/image\\\/\",\"url\":\"https:\\\/\\\/imcardbusiness.com\\\/thedreamsbox\\\/wp-content\\\/uploads\\\/2021\\\/06\\\/cropped-FAVICON.png\",\"contentUrl\":\"https:\\\/\\\/imcardbusiness.com\\\/thedreamsbox\\\/wp-content\\\/uploads\\\/2021\\\/06\\\/cropped-FAVICON.png\",\"width\":512,\"height\":512,\"caption\":\"THE DREAMS BOX\"},\"image\":{\"@id\":\"https:\\\/\\\/imcardbusiness.com\\\/thedreamsbox\\\/#\\\/schema\\\/logo\\\/image\\\/\"},\"sameAs\":[\"https:\\\/\\\/www.facebook.com\\\/thedreamsboxonline\\\/\",\"https:\\\/\\\/www.instagram.com\\\/thedreamsbox_com\\\/?hl=es-la\"]}]}<\/script>\n<!-- \/ Yoast SEO plugin. -->","yoast_head_json":{"title":"Nosotros - The Dreams Box","robots":{"index":"index","follow":"follow","max-snippet":"max-snippet:-1","max-image-preview":"max-image-preview:large","max-video-preview":"max-video-preview:-1"},"canonical":"https:\/\/imcardbusiness.com\/thedreamsbox\/nosotros\/","og_locale":"es_ES","og_type":"article","og_title":"Nosotros - The Dreams Box","og_description":"Quienes somos Somos una empresa 100% colombiana, dedicada a personalizar productos que permiten a nuestros clientes mostrar su aprecio a seres queridos, familiares, amigos y clientes, por lo cual contamos con materiales de la m\u00e1s alta calidad, trabajados bajo los m\u00e1s altos est\u00e1ndares de bioseguridad. Teniendo en cuenta que el internet es cada d\u00eda una [&hellip;]","og_url":"https:\/\/imcardbusiness.com\/thedreamsbox\/nosotros\/","og_site_name":"The Dreams Box","article_publisher":"https:\/\/www.facebook.com\/thedreamsboxonline\/","article_modified_time":"2021-08-11T01:39:49+00:00","og_image":[{"width":516,"height":520,"url":"https:\/\/imcardbusiness.com\/thedreamsbox\/wp-content\/uploads\/2021\/06\/FAVICON.png","type":"image\/png"}],"twitter_card":"summary_large_image","schema":{"@context":"https:\/\/schema.org","@graph":[{"@type":"WebPage","@id":"https:\/\/imcardbusiness.com\/thedreamsbox\/nosotros\/","url":"https:\/\/imcardbusiness.com\/thedreamsbox\/nosotros\/","name":"Nosotros - The Dreams Box","isPartOf":{"@id":"https:\/\/imcardbusiness.com\/thedreamsbox\/#website"},"primaryImageOfPage":{"@id":"https:\/\/imcardbusiness.com\/thedreamsbox\/nosotros\/#primaryimage"},"image":{"@id":"https:\/\/imcardbusiness.com\/thedreamsbox\/nosotros\/#primaryimage"},"thumbnailUrl":"https:\/\/imcardbusiness.com\/thedreamsbox\/wp-content\/uploads\/2021\/06\/FAVICON.png","datePublished":"2021-06-21T19:36:22+00:00","dateModified":"2021-08-11T01:39:49+00:00","breadcrumb":{"@id":"https:\/\/imcardbusiness.com\/thedreamsbox\/nosotros\/#breadcrumb"},"inLanguage":"es","potentialAction":[{"@type":"ReadAction","target":["https:\/\/imcardbusiness.com\/thedreamsbox\/nosotros\/"]}]},{"@type":"ImageObject","inLanguage":"es","@id":"https:\/\/imcardbusiness.com\/thedreamsbox\/nosotros\/#primaryimage","url":"https:\/\/imcardbusiness.com\/thedreamsbox\/wp-content\/uploads\/2021\/06\/FAVICON.png","contentUrl":"https:\/\/imcardbusiness.com\/thedreamsbox\/wp-content\/uploads\/2021\/06\/FAVICON.png","width":516,"height":520},{"@type":"BreadcrumbList","@id":"https:\/\/imcardbusiness.com\/thedreamsbox\/nosotros\/#breadcrumb","itemListElement":[{"@type":"ListItem","position":1,"name":"Portada","item":"https:\/\/imcardbusiness.com\/thedreamsbox\/"},{"@type":"ListItem","position":2,"name":"Nosotros"}]},{"@type":"WebSite","@id":"https:\/\/imcardbusiness.com\/thedreamsbox\/#website","url":"https:\/\/imcardbusiness.com\/thedreamsbox\/","name":"The Dreams Box","description":"Regala lo mejor de ti! Encuentra las mejores opciones de regalos para tu pareja, familia, amigos y empresas","publisher":{"@id":"https:\/\/imcardbusiness.com\/thedreamsbox\/#organization"},"potentialAction":[{"@type":"SearchAction","target":{"@type":"EntryPoint","urlTemplate":"https:\/\/imcardbusiness.com\/thedreamsbox\/?s={search_term_string}"},"query-input":{"@type":"PropertyValueSpecification","valueRequired":true,"valueName":"search_term_string"}}],"inLanguage":"es"},{"@type":"Organization","@id":"https:\/\/imcardbusiness.com\/thedreamsbox\/#organization","name":"THE DREAMS BOX","url":"https:\/\/imcardbusiness.com\/thedreamsbox\/","logo":{"@type":"ImageObject","inLanguage":"es","@id":"https:\/\/imcardbusiness.com\/thedreamsbox\/#\/schema\/logo\/image\/","url":"https:\/\/imcardbusiness.com\/thedreamsbox\/wp-content\/uploads\/2021\/06\/cropped-FAVICON.png","contentUrl":"https:\/\/imcardbusiness.com\/thedreamsbox\/wp-content\/uploads\/2021\/06\/cropped-FAVICON.png","width":512,"height":512,"caption":"THE DREAMS BOX"},"image":{"@id":"https:\/\/imcardbusiness.com\/thedreamsbox\/#\/schema\/logo\/image\/"},"sameAs":["https:\/\/www.facebook.com\/thedreamsboxonline\/","https:\/\/www.instagram.com\/thedreamsbox_com\/?hl=es-la"]}]}},"_links":{"self":[{"href":"https:\/\/imcardbusiness.com\/thedreamsbox\/wp-json\/wp\/v2\/pages\/96","targetHints":{"allow":["GET"]}}],"collection":[{"href":"https:\/\/imcardbusiness.com\/thedreamsbox\/wp-json\/wp\/v2\/pages"}],"about":[{"href":"https:\/\/imcardbusiness.com\/thedreamsbox\/wp-json\/wp\/v2\/types\/page"}],"author":[{"embeddable":true,"href":"https:\/\/imcardbusiness.com\/thedreamsbox\/wp-json\/wp\/v2\/users\/1"}],"replies":[{"embeddable":true,"href":"https:\/\/imcardbusiness.com\/thedreamsbox\/wp-json\/wp\/v2\/comments?post=96"}],"version-history":[{"count":5,"href":"https:\/\/imcardbusiness.com\/thedreamsbox\/wp-json\/wp\/v2\/pages\/96\/revisions"}],"predecessor-version":[{"id":12068,"href":"https:\/\/imcardbusiness.com\/thedreamsbox\/wp-json\/wp\/v2\/pages\/96\/revisions\/12068"}],"wp:featuredmedia":[{"embeddable":true,"href":"https:\/\/imcardbusiness.com\/thedreamsbox\/wp-json\/wp\/v2\/media\/55"}],"wp:attachment":[{"href":"https:\/\/imcardbusiness.com\/thedreamsbox\/wp-json\/wp\/v2\/media?parent=96"}],"curies":[{"name":"wp","href":"https:\/\/api.w.org\/{rel}","templated":true}]}}